{"id":146,"date":"2021-09-27T17:07:34","date_gmt":"2021-09-27T15:07:34","guid":{"rendered":"http:\/\/khublei-indienhilfe-test.de\/?page_id=146"},"modified":"2023-12-30T16:06:25","modified_gmt":"2023-12-30T15:06:25","slug":"download","status":"publish","type":"page","link":"https:\/\/khublei-indienhilfe-test.de\/en\/download\/","title":{"rendered":"Downloads"},"content":{"rendered":"<h3 class=\"wp-block-heading\">Allgemein<\/h3>\n\n\n\n<figure class=\"wp-block-table custom-downloads-table\"><table><thead><tr><th>Bezeichnung<\/th><th class=\"has-text-align-right\" data-align=\"right\">Letzte \u00c4nderung<\/th><th class=\"has-text-align-right\" data-align=\"right\">Dateigr\u00f6\u00dfe<\/th><\/tr><\/thead><tbody><tr><td><a href=\"https:\/\/khublei-indienhilfe.de\/wp-content\/uploads\/Formular_Pate-Spender-Mitglied.pdf\" data-type=\"URL\" target=\"_blank\" rel=\"noreferrer noopener\">Formular Pate-Spender-Mitglied<\/a><\/td><td class=\"has-text-align-right\" data-align=\"right\">16.02.2023<\/td><td class=\"has-text-align-right\" data-align=\"right\">141 KB<\/td><\/tr><tr><td><a href=\"https:\/\/khublei-indienhilfe.de\/wp-content\/uploads\/Existenzsicherung.pdf\" target=\"_blank\" rel=\"noreferrer noopener\">Existenzsicherung &#8211; Info-Blatt<\/a><\/td><td class=\"has-text-align-right\" data-align=\"right\">16.02.2023<\/td><td class=\"has-text-align-right\" data-align=\"right\">402 KB<\/td><\/tr><tr><td><a rel=\"noreferrer noopener\" href=\"https:\/\/khublei-indienhilfe.de\/wp-content\/uploads\/2021\/12\/Khublei_Flyer-1.pdf\" data-type=\"URL\" target=\"_blank\">Flyer Projekte &amp; Patenschaften<\/a><\/td><td class=\"has-text-align-right\" data-align=\"right\">26.05.2020<\/td><td class=\"has-text-align-right\" data-align=\"right\">3 MB<\/td><\/tr><tr><td><a href=\"https:\/\/khublei-indienhilfe.de\/wp-content\/uploads\/2021\/12\/Pateninfo.pdf\" target=\"_blank\" rel=\"noreferrer noopener\">Pateninfo &#8211; Infoblatt f\u00fcr Paten<\/a><\/td><td class=\"has-text-align-right\" data-align=\"right\">28.01.2022<\/td><td class=\"has-text-align-right\" data-align=\"right\">96 KB<\/td><\/tr><tr><td><a href=\"https:\/\/khublei-indienhilfe.de\/wp-content\/uploads\/Khublei_Satzung.pdf\" data-type=\"URL\" data-id=\"https:\/\/khublei-indienhilfe.de\/wp-content\/uploads\/Khublei_Satzung.pdf\" target=\"_blank\" rel=\"noreferrer noopener\">Statutes of the association<\/a><\/td><td class=\"has-text-align-right\" data-align=\"right\">25.03.2022<\/td><td class=\"has-text-align-right\" data-align=\"right\">109 KB<\/td><\/tr><\/tbody><\/table><\/figure>\n\n\n\n<h3 class=\"wp-block-heading\">Newsletter<\/h3>\n\n\n\n<figure class=\"wp-block-table custom-downloads-table\"><table><thead><tr><th>Bezeichnung<\/th><th class=\"has-text-align-right\" data-align=\"right\">Ausgabe<\/th><th class=\"has-text-align-right\" data-align=\"right\">Dateigr\u00f6\u00dfe<\/th><\/tr><\/thead><tbody><tr><td><a href=\"https:\/\/khublei-indienhilfe.de\/wp-content\/uploads\/Kuno-12_2023-11-1.pdf\" data-type=\"URL\" data-id=\"https:\/\/khublei-indienhilfe.de\/wp-content\/uploads\/Kuno-11_2023-08.pdf\">Newsletter Kuno Nr. 12<\/a><\/td><td class=\"has-text-align-right\" data-align=\"right\">11\/2023<\/td><td class=\"has-text-align-right\" data-align=\"right\">479 kB<\/td><\/tr><tr><td><a href=\"https:\/\/khublei-indienhilfe.de\/wp-content\/uploads\/es_Kuno-12_2023-11-1.pdf\">Newsletter Kuno Nr. 12_es<\/a><\/td><td class=\"has-text-align-right\" data-align=\"right\">11\/2023<\/td><td class=\"has-text-align-right\" data-align=\"right\">484 kB<\/td><\/tr><tr><td><a href=\"https:\/\/khublei-indienhilfe.de\/wp-content\/uploads\/Kuno-11_2023-08.pdf\" data-type=\"URL\" data-id=\"https:\/\/khublei-indienhilfe.de\/wp-content\/uploads\/Kuno-11_2023-08.pdf\">Newsletter Kuno Nr. 11<\/a><\/td><td class=\"has-text-align-right\" data-align=\"right\">08\/2023<\/td><td class=\"has-text-align-right\" data-align=\"right\">349 kB<\/td><\/tr><tr><td><a href=\"https:\/\/khublei-indienhilfe.de\/wp-content\/uploads\/es_Kuno-11_2023-08.pdf\" data-type=\"URL\" data-id=\"https:\/\/khublei-indienhilfe.de\/wp-content\/uploads\/es_Kuno-11_2023-08.pdf\">Newsletter Kuno Nr. 11_es<\/a><\/td><td class=\"has-text-align-right\" data-align=\"right\">08\/2023<\/td><td class=\"has-text-align-right\" data-align=\"right\">343 kB<\/td><\/tr><tr><td><a href=\"https:\/\/khublei-indienhilfe.de\/wp-content\/uploads\/Kuno-10_2023-05.pdf\">Newsletter Kuno Nr. 10<\/a><\/td><td class=\"has-text-align-right\" data-align=\"right\">05\/2023<\/td><td class=\"has-text-align-right\" data-align=\"right\">1,1 MB<\/td><\/tr><tr><td><a href=\"https:\/\/khublei-indienhilfe.de\/wp-content\/uploads\/es_Kuno-10_2023-05.pdf\">Newsletter Kuno Nr. 10_es<\/a><\/td><td class=\"has-text-align-right\" data-align=\"right\">05\/2023<\/td><td class=\"has-text-align-right\" data-align=\"right\">1,1 MB<\/td><\/tr><tr><td><a href=\"https:\/\/khublei-indienhilfe.de\/wp-content\/uploads\/Kuno-09_2023-02.pdf\" target=\"_blank\" rel=\"noreferrer noopener\">Newsletter Kuno Nr. 9<\/a><\/td><td class=\"has-text-align-right\" data-align=\"right\">02\/2023<\/td><td class=\"has-text-align-right\" data-align=\"right\">428 kB<\/td><\/tr><tr><td><a href=\"https:\/\/khublei-indienhilfe.de\/wp-content\/uploads\/Kuno-08_2022-11-1.pdf\" data-type=\"URL\" data-id=\"https:\/\/khublei-indienhilfe.de\/wp-content\/uploads\/Kuno-08_2022-11-1.pdf\" target=\"_blank\" rel=\"noreferrer noopener\">Newsletter Kuno Nr. 8<\/a><\/td><td class=\"has-text-align-right\" data-align=\"right\">11\/2022<\/td><td class=\"has-text-align-right\" data-align=\"right\">421 KB<\/td><\/tr><tr><td><a href=\"https:\/\/khublei-indienhilfe.de\/wp-content\/uploads\/Kuno-07_2022-08.pdf\" target=\"_blank\" rel=\"noreferrer noopener\">Newsletter Kuno Nr. 7<\/a><\/td><td class=\"has-text-align-right\" data-align=\"right\">08\/2022<\/td><td class=\"has-text-align-right\" data-align=\"right\">531 kB<\/td><\/tr><tr><td><a href=\"https:\/\/khublei-indienhilfe.de\/wp-content\/uploads\/Kuno-06_2022-05.pdf\" data-type=\"URL\" data-id=\"https:\/\/khublei-indienhilfe.de\/wp-content\/uploads\/Kuno-06_2022-05.pdf\" target=\"_blank\" rel=\"noreferrer noopener\">Newsletter Kuno Nr. 6<\/a><\/td><td class=\"has-text-align-right\" data-align=\"right\">05\/2022<\/td><td class=\"has-text-align-right\" data-align=\"right\">730 kB<\/td><\/tr><tr><td><a href=\"https:\/\/khublei-indienhilfe.de\/wp-content\/uploads\/Kuno-05_2022-02.pdf\" target=\"_blank\" rel=\"noreferrer noopener\">Newsletter Kuno Nr. 5<\/a><\/td><td class=\"has-text-align-right\" data-align=\"right\">02\/2022<\/td><td class=\"has-text-align-right\" data-align=\"right\">454 kB<\/td><\/tr><tr><td><a href=\"https:\/\/khublei-indienhilfe.de\/download\/newsletter-archiv\/\" data-type=\"page\" data-id=\"1319\">Newsletter \u2013 Archiv<\/a><\/td><td class=\"has-text-align-right\" data-align=\"right\"><\/td><td class=\"has-text-align-right\" data-align=\"right\"><\/td><\/tr><\/tbody><\/table><\/figure>\n\n\n\n<h3 class=\"wp-block-heading\">Sonstiges<\/h3>\n\n\n\n<figure class=\"wp-block-table custom-downloads-table\"><table><thead><tr><th>Bezeichnung<\/th><th class=\"has-text-align-right\" data-align=\"right\">Letzte \u00c4nderung<\/th><th class=\"has-text-align-right\" data-align=\"right\">Dateigr\u00f6\u00dfe<\/th><\/tr><\/thead><tbody><tr><td>Anleitung f\u00fcr <a href=\"https:\/\/khublei-indienhilfe.de\/wp-content\/uploads\/23-05-03-Anmeldung-fuer-das-Stadtradeln-23-06-12-bis-22-07-02.pdf\" data-type=\"URL\" data-id=\"https:\/\/khublei-indienhilfe.de\/wp-content\/uploads\/23-05-03-Anmeldung-fuer-das-Stadtradeln-23-06-12-bis-22-07-02.pdf\">Anmeldung bei stadtradeln.de<\/a><\/td><td class=\"has-text-align-right\" data-align=\"right\">08.05.2022<\/td><td class=\"has-text-align-right\" data-align=\"right\">270 KB<\/td><\/tr><\/tbody><\/table><\/figure>","protected":false},"excerpt":{"rendered":"<p>Allgemein Bezeichnung Letzte \u00c4nderung Dateigr\u00f6\u00dfe Formular Pate-Spender-Mitglied 16.02.2023 141 KB Existenzsicherung &#8211; Info-Blatt 16.02.2023 402 KB Flyer Projekte &amp; Patenschaften 26.05.2020 3 MB Pateninfo &#8211; Infoblatt f\u00fcr Paten 28.01.2022 96 KB Satzung des Vereins 25.03.2022 109 KB Newsletter Bezeichnung Ausgabe Dateigr\u00f6\u00dfe Newsletter Kuno Nr. 12 11\/2023 479 kB Newsletter Kuno Nr. 12_es 11\/2023 484 kB [&hellip;]<\/p>\n","protected":false},"author":2,"featured_media":0,"parent":0,"menu_order":8,"comment_status":"closed","ping_status":"closed","template":"","meta":{"ngg_post_thumbnail":0,"footnotes":""},"class_list":["post-146","page","type-page","status-publish","hentry"],"_links":{"self":[{"href":"https:\/\/khublei-indienhilfe-test.de\/en\/wp-json\/wp\/v2\/pages\/146","targetHints":{"allow":["GET"]}}],"collection":[{"href":"https:\/\/khublei-indienhilfe-test.de\/en\/wp-json\/wp\/v2\/pages"}],"about":[{"href":"https:\/\/khublei-indienhilfe-test.de\/en\/wp-json\/wp\/v2\/types\/page"}],"author":[{"embeddable":true,"href":"https:\/\/khublei-indienhilfe-test.de\/en\/wp-json\/wp\/v2\/users\/2"}],"replies":[{"embeddable":true,"href":"https:\/\/khublei-indienhilfe-test.de\/en\/wp-json\/wp\/v2\/comments?post=146"}],"version-history":[{"count":77,"href":"https:\/\/khublei-indienhilfe-test.de\/en\/wp-json\/wp\/v2\/pages\/146\/revisions"}],"predecessor-version":[{"id":1947,"href":"https:\/\/khublei-indienhilfe-test.de\/en\/wp-json\/wp\/v2\/pages\/146\/revisions\/1947"}],"wp:attachment":[{"href":"https:\/\/khublei-indienhilfe-test.de\/en\/wp-json\/wp\/v2\/media?parent=146"}],"curies":[{"name":"wp","href":"https:\/\/api.w.org\/{rel}","templated":true}]}}