{"id":1974,"date":"2023-12-30T16:10:02","date_gmt":"2023-12-30T15:10:02","guid":{"rendered":"https:\/\/khublei-indienhilfe-test.de\/?page_id=1974"},"modified":"2023-12-30T16:25:02","modified_gmt":"2023-12-30T15:25:02","slug":"indien","status":"publish","type":"page","link":"https:\/\/khublei-indienhilfe-test.de\/en\/aktuelles\/indien\/","title":{"rendered":"Suburb in India"},"content":{"rendered":"<ul class=\"wp-block-latest-posts__list has-dates has-author wp-block-latest-posts\"><li><a class=\"wp-block-latest-posts__post-title\" href=\"https:\/\/khublei-indienhilfe-test.de\/en\/2023\/10\/die-reise-vom-betteln-zur-selbststaendigkeit\/\">Die Reise vom Betteln zur Selbstst\u00e4ndigkeit<\/a><div class=\"wp-block-latest-posts__post-author\">by Denis Kurkalang<\/div><time datetime=\"2023-10-26T19:37:19+02:00\" class=\"wp-block-latest-posts__post-date\">26. October 2023<\/time><div class=\"wp-block-latest-posts__post-excerpt\">Selbstbestimmung und Flei\u00df ver\u00e4ndern das Leben von Menschen. So erging es auch einer alleinstehenden, arbeitenden Frau aus dem Dorf Mihmyntdu namens Lumbiang Sana. Als arme, alleinerziehende Mutter muss sich Frau Lumbiang Sana um\u2026 <a class=\"wp-block-latest-posts__read-more\" href=\"https:\/\/khublei-indienhilfe-test.de\/en\/2023\/10\/die-reise-vom-betteln-zur-selbststaendigkeit\/\" rel=\"noopener noreferrer\">Read more<span class=\"screen-reader-text\">: Die Reise vom Betteln zur Selbstst\u00e4ndigkeit<\/span><\/a><\/div><\/li>\n<li><a class=\"wp-block-latest-posts__post-title\" href=\"https:\/\/khublei-indienhilfe-test.de\/en\/2023\/05\/mein-patenjunge-bonifast\/\">Mein Patenjunge Bonifast<\/a><div class=\"wp-block-latest-posts__post-author\">by Ulrike Albert<\/div><time datetime=\"2023-05-28T16:42:05+02:00\" class=\"wp-block-latest-posts__post-date\">28. May 2023<\/time><div class=\"wp-block-latest-posts__post-excerpt\">Ich habe die Patenschaft f\u00fcr Bonifast im Februar 2023 \u00fcbernommen. Bonifast kommt aus einer sehr armen Familie. Er w\u00e4chst in einem kleinen Dorf mit seinen acht Geschwistern auf. Seit dem Tod seiner Mutter\u2026 <a class=\"wp-block-latest-posts__read-more\" href=\"https:\/\/khublei-indienhilfe-test.de\/en\/2023\/05\/mein-patenjunge-bonifast\/\" rel=\"noopener noreferrer\">Read more<span class=\"screen-reader-text\">: Mein Patenjunge Bonifast<\/span><\/a><\/div><\/li>\n<li><a class=\"wp-block-latest-posts__post-title\" href=\"https:\/\/khublei-indienhilfe-test.de\/en\/2023\/05\/jaehrliche-schulsportveranstaltungen\/\">J\u00e4hrliche Schulsportveranstaltungen<\/a><div class=\"wp-block-latest-posts__post-author\">by Gerhard Albert<\/div><time datetime=\"2023-05-28T16:36:30+02:00\" class=\"wp-block-latest-posts__post-date\">28. May 2023<\/time><div class=\"wp-block-latest-posts__post-excerpt\">Im M\u00e4rz\/April finden in Meghalaya an den Schulen die j\u00e4hrlichen Schulsportveranstaltungen statt. Hier k\u00e4mpfen die verschiedenen Gruppen gegeneinander: Gr\u00fcnes, blaues, rotes und gelbes Team. Dies ist sowohl f\u00fcr die Kinder als auch f\u00fcr\u2026 <a class=\"wp-block-latest-posts__read-more\" href=\"https:\/\/khublei-indienhilfe-test.de\/en\/2023\/05\/jaehrliche-schulsportveranstaltungen\/\" rel=\"noopener noreferrer\">Read more<span class=\"screen-reader-text\">: J\u00e4hrliche Schulsportveranstaltungen<\/span><\/a><\/div><\/li>\n<li><a class=\"wp-block-latest-posts__post-title\" href=\"https:\/\/khublei-indienhilfe-test.de\/en\/2023\/05\/start-up-unternehmen-von-5-naeherinnen\/\">Start-up-Unternehmen von 5 N\u00e4herinnen<\/a><div class=\"wp-block-latest-posts__post-author\">by Ulrike Albert<\/div><time datetime=\"2023-05-28T16:09:19+02:00\" class=\"wp-block-latest-posts__post-date\">28. May 2023<\/time><div class=\"wp-block-latest-posts__post-excerpt\">Kurz nach unserer Ankunft in Meghalaya und nach Abschluss des ersten N\u00e4hkurses, an dem interessierte Frauen teilnahmen, stellen sich f\u00fcnf bed\u00fcrftige Frauen bei uns mit einem kleinen Businessplan vor. Ihre Gesch\u00e4ftsidee: Ein Tayloring-Start-up!\u2026 <a class=\"wp-block-latest-posts__read-more\" href=\"https:\/\/khublei-indienhilfe-test.de\/en\/2023\/05\/start-up-unternehmen-von-5-naeherinnen\/\" rel=\"noopener noreferrer\">Read more<span class=\"screen-reader-text\">: Start-up-Unternehmen von 5 N\u00e4herinnen<\/span><\/a><\/div><\/li>\n<li><a class=\"wp-block-latest-posts__post-title\" href=\"https:\/\/khublei-indienhilfe-test.de\/en\/2023\/05\/indienreise-maerz-april-2023\/\">Indienreise M\u00e4rz\/April 2023<\/a><div class=\"wp-block-latest-posts__post-author\">by Ulrike Albert<\/div><time datetime=\"2023-05-28T15:47:20+02:00\" class=\"wp-block-latest-posts__post-date\">28. May 2023<\/time><div class=\"wp-block-latest-posts__post-excerpt\">In diesem Jahr haben wir uns zu zweit auf den Weg nach Nordost-Indien gemacht: Gerhard und ich waren 2 Monate bzw. 1 Monat in Meghalaya und haben uns rege mit unseren Partnern vor\u2026 <a class=\"wp-block-latest-posts__read-more\" href=\"https:\/\/khublei-indienhilfe-test.de\/en\/2023\/05\/indienreise-maerz-april-2023\/\" rel=\"noopener noreferrer\">Read more<span class=\"screen-reader-text\">: Indienreise M\u00e4rz\/April 2023<\/span><\/a><\/div><\/li>\n<li><a class=\"wp-block-latest-posts__post-title\" href=\"https:\/\/khublei-indienhilfe-test.de\/en\/2022\/12\/die-naehmaschinen-laufen-auf-hochtouren\/\">Die N\u00e4hmaschinen laufen auf Hochtouren<\/a><div class=\"wp-block-latest-posts__post-author\">by Ulrike Albert<\/div><time datetime=\"2022-12-18T12:25:18+01:00\" class=\"wp-block-latest-posts__post-date\">18. December 2022<\/time><div class=\"wp-block-latest-posts__post-excerpt\">Seit Anfang Dezember werden im Tailoring-Center Frauen an N\u00e4hmaschinen ausgebildet, um sich eine eigene Existenz aufzubauen. Wie kam es dazu? In unserem Kuno Nr. 7 im August haben wir das Projekt \u201eN\u00e4hmaschinen\u201c vorgestellt:\u2026 <a class=\"wp-block-latest-posts__read-more\" href=\"https:\/\/khublei-indienhilfe-test.de\/en\/2022\/12\/die-naehmaschinen-laufen-auf-hochtouren\/\" rel=\"noopener noreferrer\">Read more<span class=\"screen-reader-text\">: Die N\u00e4hmaschinen laufen auf Hochtouren<\/span><\/a><\/div><\/li>\n<li><a class=\"wp-block-latest-posts__post-title\" href=\"https:\/\/khublei-indienhilfe-test.de\/en\/2022\/08\/meghalaya-2022-06-20-sehr-fruehe-und-heftige-monsunregen-in-nordost-indien\/\">Meghalaya &#8211; sehr fr\u00fche und heftige Monsunregen in Nordost-Indien, Juni 2022<\/a><div class=\"wp-block-latest-posts__post-author\">by Gerhard Albert<\/div><time datetime=\"2022-08-15T14:50:36+02:00\" class=\"wp-block-latest-posts__post-date\">15. August 2022<\/time><div class=\"wp-block-latest-posts__post-excerpt\"><\/div><\/li>\n<li><a class=\"wp-block-latest-posts__post-title\" href=\"https:\/\/khublei-indienhilfe-test.de\/en\/2022\/05\/installation-einer-hirsemuehle-in-samanong\/\">Installation einer Hirsem\u00fchle in Samanong<\/a><div class=\"wp-block-latest-posts__post-author\">by Ulrike Albert<\/div><time datetime=\"2022-05-15T07:39:24+02:00\" class=\"wp-block-latest-posts__post-date\">15. May 2022<\/time><div class=\"wp-block-latest-posts__post-excerpt\">Ein kleines Dorf gef\u00fchlt am Ende der Welt: Doch von wegen! An diesem Tag \u201esteppte hier der B\u00e4r\u201c, denn es wurde die neue Hirsem\u00fchle installiert, angeschlossen und eingeweiht. Gerhard war bei dieser Veranstaltung\u2026 <a class=\"wp-block-latest-posts__read-more\" href=\"https:\/\/khublei-indienhilfe-test.de\/en\/2022\/05\/installation-einer-hirsemuehle-in-samanong\/\" rel=\"noopener noreferrer\">Read more<span class=\"screen-reader-text\">: Installation einer Hirsem\u00fchle in Samanong<\/span><\/a><\/div><\/li>\n<li><a class=\"wp-block-latest-posts__post-title\" href=\"https:\/\/khublei-indienhilfe-test.de\/en\/2022\/05\/bau-eines-neuen-klassenzimmers-in-khahnar\/\">Bau eines neuen Klassenzimmers in Khahnar<\/a><div class=\"wp-block-latest-posts__post-author\">by Ulrike Albert<\/div><time datetime=\"2022-05-15T06:41:26+02:00\" class=\"wp-block-latest-posts__post-date\">15. May 2022<\/time><div class=\"wp-block-latest-posts__post-excerpt\">Eine lange und abenteuerliche Fahrt f\u00fchrt uns \u00fcber holprige Stra\u00dfen, soweit man diese Befestigungen so nennen kann, in das Dorf Khahnar. Schon bei unserem ersten Besuch dort in 2018 durften wir die Gastfreundschaft\u2026 <a class=\"wp-block-latest-posts__read-more\" href=\"https:\/\/khublei-indienhilfe-test.de\/en\/2022\/05\/bau-eines-neuen-klassenzimmers-in-khahnar\/\" rel=\"noopener noreferrer\">Read more<span class=\"screen-reader-text\">: Bau eines neuen Klassenzimmers in Khahnar<\/span><\/a><\/div><\/li>\n<li><a class=\"wp-block-latest-posts__post-title\" href=\"https:\/\/khublei-indienhilfe-test.de\/en\/2021\/04\/maskenverteilung-an-kinder\/\">Maskenverteilung an Kinder<\/a><div class=\"wp-block-latest-posts__post-author\">by Gerhard Albert<\/div><time datetime=\"2021-04-03T00:00:48+02:00\" class=\"wp-block-latest-posts__post-date\">3. April 2021<\/time><div class=\"wp-block-latest-posts__post-excerpt\">Damit wir auch die Kinder richtig vor Corona sch\u00fctzen k\u00f6nnen, erhalten diese nicht nur Masken, sondern sie bekommen auch eine Unterweisung und genaue Erkl\u00e4rung, wie die Masken zu tragen sind. Und vor allem\u2026 <a class=\"wp-block-latest-posts__read-more\" href=\"https:\/\/khublei-indienhilfe-test.de\/en\/2021\/04\/maskenverteilung-an-kinder\/\" rel=\"noopener noreferrer\">Read more<span class=\"screen-reader-text\">: Maskenverteilung an Kinder<\/span><\/a><\/div><\/li>\n<li><a class=\"wp-block-latest-posts__post-title\" href=\"https:\/\/khublei-indienhilfe-test.de\/en\/2021\/04\/corona-warenkorb-verteilung\/\">Corona &#8211; &#8222;Warenkorb&#8220;-Verteilung<\/a><div class=\"wp-block-latest-posts__post-author\">by Gerhard Albert<\/div><time datetime=\"2021-04-03T00:00:47+02:00\" class=\"wp-block-latest-posts__post-date\">3. April 2021<\/time><div class=\"wp-block-latest-posts__post-excerpt\">Den besonders bed\u00fcrftigen Familien werden Lebensmittel aus unserem Corona-Hilfsprojekt &#8222;Warenkorb&#8220; ausgeh\u00e4ndigt. Zus\u00e4tzlich zu Nahrungsmitteln wie Reis, \u00d6l, Gew\u00fcrzen, Linsen, etc. bekommen die Familien Corona-Masken, die von einem Sponsor aus Ebelsbach gespendet wurden.<\/div><\/li>\n<li><a class=\"wp-block-latest-posts__post-title\" href=\"https:\/\/khublei-indienhilfe-test.de\/en\/2020\/12\/bei-iarki-gackert-es-im-stall\/\">Bei Iarki gackert es im Stall<\/a><div class=\"wp-block-latest-posts__post-author\">by Beate Offermanns<\/div><time datetime=\"2020-12-05T00:00:05+01:00\" class=\"wp-block-latest-posts__post-date\">5. December 2020<\/time><div class=\"wp-block-latest-posts__post-excerpt\">100 K\u00fcken sowie Futter und Anleitung: Iarki\u2018s Familie hat als erste einen H\u00fchnerstall durch eine Spende von Khublei erhalten. Ein Vergleich der beiden Fotos zeigt dass sie wohl ein richtiges H\u00e4ndchen f\u00fcr H\u00fchner\u2026 <a class=\"wp-block-latest-posts__read-more\" href=\"https:\/\/khublei-indienhilfe-test.de\/en\/2020\/12\/bei-iarki-gackert-es-im-stall\/\" rel=\"noopener noreferrer\">Read more<span class=\"screen-reader-text\">: Bei Iarki gackert es im Stall<\/span><\/a><\/div><\/li>\n<li><a class=\"wp-block-latest-posts__post-title\" href=\"https:\/\/khublei-indienhilfe-test.de\/en\/2020\/09\/corona-dringender-hilferuf-aus-nordost-indien\/\">Corona &#8211; Dringender Hilferuf aus Nordost-Indien<\/a><div class=\"wp-block-latest-posts__post-author\">by Gerhard Albert<\/div><time datetime=\"2020-09-14T00:00:03+02:00\" class=\"wp-block-latest-posts__post-date\">14. September 2020<\/time><div class=\"wp-block-latest-posts__post-excerpt\">Uns erreicht ein dringender Hilferuf aus Megalaya: Der Ausbruch der Pandemie Covid-19 hat das Leben vieler armer Menschen in Nordost-Indien sehr stark beeintr\u00e4chtigt.Zu Beginn der Pandemie litten die Menschen unter dem Lockdown, so\u2026 <a class=\"wp-block-latest-posts__read-more\" href=\"https:\/\/khublei-indienhilfe-test.de\/en\/2020\/09\/corona-dringender-hilferuf-aus-nordost-indien\/\" rel=\"noopener noreferrer\">Read more<span class=\"screen-reader-text\">: Corona &#8211; Dringender Hilferuf aus Nordost-Indien<\/span><\/a><\/div><\/li>\n<li><a class=\"wp-block-latest-posts__post-title\" href=\"https:\/\/khublei-indienhilfe-test.de\/en\/2020\/06\/unser-erstes-patenkind-ist-vermittelt\/\">Unser erstes Patenkind ist vermittelt!<\/a><div class=\"wp-block-latest-posts__post-author\">by Gerhard Albert<\/div><time datetime=\"2020-06-08T00:00:09+02:00\" class=\"wp-block-latest-posts__post-date\">8. June 2020<\/time><div class=\"wp-block-latest-posts__post-excerpt\">Wandame, 12 Jahre, ein Waisenjunge aus Nangbah, hat es besonders schwer. Nach dem Tod der Mutter verloren coronabedingt seine beiden Schwestern auch noch ihre Arbeit. Seine Pateneltern in Bamberg schenken ihm Hoffnung!<\/div><\/li>\n<li><a class=\"wp-block-latest-posts__post-title\" href=\"https:\/\/khublei-indienhilfe-test.de\/en\/2020\/05\/wir-sind-verein\/\">Wir sind Verein!<\/a><div class=\"wp-block-latest-posts__post-author\">by Gerhard Albert<\/div><time datetime=\"2020-05-25T00:00:35+02:00\" class=\"wp-block-latest-posts__post-date\">25. May 2020<\/time><div class=\"wp-block-latest-posts__post-excerpt\">Nach fruchtbaren \u201ebilateralen\u201c Gespr\u00e4chen zwischen Deutschland und Nordost-Indien und unserer Gr\u00fcndungsversammlung sind wir nun ein eingetragener mildt\u00e4tiger Verein, der sich f\u00fcr arme Menschen in Nordost-Indien engagiert.<\/div><\/li>\n<\/ul>","protected":false},"excerpt":{"rendered":"","protected":false},"author":2,"featured_media":0,"parent":16,"menu_order":1,"comment_status":"closed","ping_status":"closed","template":"","meta":{"ngg_post_thumbnail":0,"footnotes":""},"class_list":["post-1974","page","type-page","status-publish","hentry"],"_links":{"self":[{"href":"https:\/\/khublei-indienhilfe-test.de\/en\/wp-json\/wp\/v2\/pages\/1974","targetHints":{"allow":["GET"]}}],"collection":[{"href":"https:\/\/khublei-indienhilfe-test.de\/en\/wp-json\/wp\/v2\/pages"}],"about":[{"href":"https:\/\/khublei-indienhilfe-test.de\/en\/wp-json\/wp\/v2\/types\/page"}],"author":[{"embeddable":true,"href":"https:\/\/khublei-indienhilfe-test.de\/en\/wp-json\/wp\/v2\/users\/2"}],"replies":[{"embeddable":true,"href":"https:\/\/khublei-indienhilfe-test.de\/en\/wp-json\/wp\/v2\/comments?post=1974"}],"version-history":[{"count":4,"href":"https:\/\/khublei-indienhilfe-test.de\/en\/wp-json\/wp\/v2\/pages\/1974\/revisions"}],"predecessor-version":[{"id":1993,"href":"https:\/\/khublei-indienhilfe-test.de\/en\/wp-json\/wp\/v2\/pages\/1974\/revisions\/1993"}],"up":[{"embeddable":true,"href":"https:\/\/khublei-indienhilfe-test.de\/en\/wp-json\/wp\/v2\/pages\/16"}],"wp:attachment":[{"href":"https:\/\/khublei-indienhilfe-test.de\/en\/wp-json\/wp\/v2\/media?parent=1974"}],"curies":[{"name":"wp","href":"https:\/\/api.w.org\/{rel}","templated":true}]}}