{"id":248,"date":"2021-12-03T17:48:09","date_gmt":"2021-12-03T16:48:09","guid":{"rendered":"http:\/\/khublei-indienhilfe-test.de\/?page_id=248"},"modified":"2022-03-22T20:07:55","modified_gmt":"2022-03-22T19:07:55","slug":"wo-wir-helfen","status":"publish","type":"page","link":"https:\/\/khublei-indienhilfe-test.de\/en\/ueber-uns\/wo-wir-helfen\/","title":{"rendered":"Where we help"},"content":{"rendered":"<div class=\"wp-block-columns alignwide is-layout-flex wp-container-core-columns-is-layout-9d6595d7 wp-block-columns-is-layout-flex\">\n<div class=\"wp-block-column is-layout-flow wp-block-column-is-layout-flow\" style=\"flex-basis:66.66%\">\n<h4 class=\"has-text-color wp-block-heading\" style=\"color:#8d1753\">Nordost-Indien<\/h4>\n\n\n\n<p>Nordost-Indien: Das sind die sieben Schwesterstaaten im Nordosten Indiens, die nur \u00fcber einen schmalen Korridor mit Zentral-Indien verbunden sind. Mehr als 45 Millionen Menschen leben in der Region, insgesamt 200 indigene V\u00f6lker, die sich in Aussehen, Sprache und Kultur deutlich vom Rest Indiens unterscheiden. Aufgrund dieser Vielfalt herrscht in diesem Teil Indiens ein gro\u00dfer kultureller Reichtum.<br><br>Einer dieser Staaten ist Meghalaya. Hier liegt zun\u00e4chst der Schwerpunkt unserer Aktivit\u00e4ten.<\/p>\n\n\n\n<h4 class=\"has-text-color wp-block-heading\" style=\"color:#8d1753\">Der Bundesstaat Meghalaya in Nordost-Indien<\/h4>\n\n\n\n<p>Meghalaya bedeutet: Wohnstatt der Wolken.<br><br>Nicht das typische Indien, wie man es aus der Werbung, von Plakaten oder Reiseberichten kennt. Keine Str\u00e4nde mit Palmen, keine unertr\u00e4gliche Hitze.<br><br>Meghalaya ist sanft geschwungen und h\u00fcgelig. Es gibt viel Weideland und viele Felder, landschaftlich eher vergleichbar mit Irland oder Schottland.<br>Der Bundesstaat wird vom Westen \u00fcber den Norden nach Osten von dem Bundesstaat Assam \u201eumarmt\u201c. Assam, das Land, welches in Europa ber\u00fchmt ist f\u00fcr seinen kr\u00e4ftigen, herben Schwarztee. Im S\u00fcden grenzt Meghalaya an Bangladesch. Dorthin f\u00e4llt das Land steil ab. Es gibt riesige Wasserf\u00e4lle, tiefe Schluchten, schroffe Abh\u00e4nge und H\u00f6hlen. Genau hier liegt der regenreichste Ort der Welt, Cherrapunji. Diesen Rekord h\u00e4tte wohl kaum jemand in Indien erwartet!<\/p>\n\n\n\n<h4 class=\"has-text-color wp-block-heading\" style=\"color:#8d1753\">Meghalaya ist der Bundesstaat, auf den wir unsere Aktivit\u00e4ten konzentrieren.<\/h4>\n<\/div>\n\n\n\n<div class=\"wp-block-column is-layout-flow wp-block-column-is-layout-flow\" style=\"flex-basis:33.33%\">\n<figure class=\"wp-block-image size-large is-resized\"><img loading=\"lazy\" decoding=\"async\" src=\"https:\/\/khublei-indienhilfe.de\/wp-content\/uploads\/Khublei_Karte-699x1024.png\" alt=\"\" class=\"wp-image-991\" width=\"350\" height=\"512\" srcset=\"https:\/\/khublei-indienhilfe-test.de\/wp-content\/uploads\/Khublei_Karte-699x1024.png 699w, https:\/\/khublei-indienhilfe-test.de\/wp-content\/uploads\/Khublei_Karte-205x300.png 205w, https:\/\/khublei-indienhilfe-test.de\/wp-content\/uploads\/Khublei_Karte-768x1125.png 768w, https:\/\/khublei-indienhilfe-test.de\/wp-content\/uploads\/Khublei_Karte.png 800w\" sizes=\"auto, (max-width: 350px) 100vw, 350px\" \/><\/figure>\n<\/div>\n<\/div>","protected":false},"excerpt":{"rendered":"<p>Nordost-Indien Nordost-Indien: Das sind die sieben Schwesterstaaten im Nordosten Indiens, die nur \u00fcber einen schmalen Korridor mit Zentral-Indien verbunden sind. Mehr als 45 Millionen Menschen leben in der Region, insgesamt 200 indigene V\u00f6lker, die sich in Aussehen, Sprache und Kultur deutlich vom Rest Indiens unterscheiden. Aufgrund dieser Vielfalt herrscht in diesem Teil Indiens ein gro\u00dfer [&hellip;]<\/p>\n","protected":false},"author":1,"featured_media":0,"parent":14,"menu_order":3,"comment_status":"closed","ping_status":"closed","template":"","meta":{"ngg_post_thumbnail":0,"footnotes":""},"class_list":["post-248","page","type-page","status-publish","hentry"],"_links":{"self":[{"href":"https:\/\/khublei-indienhilfe-test.de\/en\/wp-json\/wp\/v2\/pages\/248","targetHints":{"allow":["GET"]}}],"collection":[{"href":"https:\/\/khublei-indienhilfe-test.de\/en\/wp-json\/wp\/v2\/pages"}],"about":[{"href":"https:\/\/khublei-indienhilfe-test.de\/en\/wp-json\/wp\/v2\/types\/page"}],"author":[{"embeddable":true,"href":"https:\/\/khublei-indienhilfe-test.de\/en\/wp-json\/wp\/v2\/users\/1"}],"replies":[{"embeddable":true,"href":"https:\/\/khublei-indienhilfe-test.de\/en\/wp-json\/wp\/v2\/comments?post=248"}],"version-history":[{"count":2,"href":"https:\/\/khublei-indienhilfe-test.de\/en\/wp-json\/wp\/v2\/pages\/248\/revisions"}],"predecessor-version":[{"id":1012,"href":"https:\/\/khublei-indienhilfe-test.de\/en\/wp-json\/wp\/v2\/pages\/248\/revisions\/1012"}],"up":[{"embeddable":true,"href":"https:\/\/khublei-indienhilfe-test.de\/en\/wp-json\/wp\/v2\/pages\/14"}],"wp:attachment":[{"href":"https:\/\/khublei-indienhilfe-test.de\/en\/wp-json\/wp\/v2\/media?parent=248"}],"curies":[{"name":"wp","href":"https:\/\/api.w.org\/{rel}","templated":true}]}}