{"id":344,"date":"2021-12-29T18:12:24","date_gmt":"2021-12-29T17:12:24","guid":{"rendered":"http:\/\/khublei-indienhilfe-test.de\/?page_id=344"},"modified":"2023-11-17T12:51:52","modified_gmt":"2023-11-17T11:51:52","slug":"presse","status":"publish","type":"page","link":"https:\/\/khublei-indienhilfe-test.de\/en\/medien\/presse\/","title":{"rendered":"Press"},"content":{"rendered":"<p class=\"has-text-align-center\"><\/p>\n\n\n\n<figure class=\"wp-block-table custom-downloads-table\"><table><thead><tr><th>Artikel<\/th><th>Quelle<\/th><th class=\"has-text-align-right\" data-align=\"right\">ver\u00f6ffentlicht<\/th><th class=\"has-text-align-right\" data-align=\"right\">Dateigr\u00f6\u00dfe<\/th><\/tr><\/thead><tbody><tr><td><a href=\"https:\/\/khublei-indienhilfe.de\/wp-content\/uploads\/ft-23-11-17-Seite10-Bericht-aus-Nordost-Indien-Vortrag-im-Schwimmverein-BA-Bug_23-11-19-beschnitten.pdf\">Bericht aus Nordost-Indien &#8211; Vortrag am 19.11.23<\/a><\/td><td>Fr\u00e4nkischer Tag<\/td><td class=\"has-text-align-right\" data-align=\"right\">17.11.23<\/td><td class=\"has-text-align-right\" data-align=\"right\">560 kB<\/td><\/tr><tr><td><a href=\"https:\/\/khublei-indienhilfe.de\/wp-content\/uploads\/23-07-20-Manbha-Artikel_Niti-Aayog-nennt-Meghalaya-den-aermsten-Staat-nach-Bihar-3-spaltig.pdf\" data-type=\"URL\" data-id=\"https:\/\/khublei-indienhilfe.de\/wp-content\/uploads\/23-07-20-Manbha-Artikel_Niti-Aayog-nennt-Meghalaya-den-aermsten-Staat-nach-Bihar-3-spaltig.pdf\">Niti Aayog nennt Meghalaya den \u00e4rmsten Staat nach Bihar <\/a><\/td><td>indische Presse<\/td><td class=\"has-text-align-right\" data-align=\"right\">20.07.23<\/td><td class=\"has-text-align-right\" data-align=\"right\">76 kB<\/td><\/tr><tr><td><a href=\"https:\/\/khublei-indienhilfe.de\/wp-content\/uploads\/ft-23-07-12-Seite7-Damit-das-Kinderlachen-zurueckkehrt-patenschaften-Bildung-und-Hilfe-fuer-Nordost-Indien-beschnitten.pdf\">Damit das Kinderlachen zur\u00fcckkehrt<\/a><\/td><td>Fr\u00e4nkischer Tag<\/td><td class=\"has-text-align-right\" data-align=\"right\">12.07.23<\/td><td class=\"has-text-align-right\" data-align=\"right\">517 kB<\/td><\/tr><tr><td><a href=\"https:\/\/khublei-indienhilfe.de\/wp-content\/uploads\/hb-23-06-04-Seite22-Wie-ein-Verein-den-Aermsten-eine-Zukunft-gibt-Khublei-hilfe-fuer-Nordost-Indien-von-Stegaurach-aus-gesamt.pdf\" data-type=\"URL\" data-id=\"https:\/\/khublei-indienhilfe.de\/wp-content\/uploads\/hb-23-06-04-Seite22-Wie-ein-Verein-den-Aermsten-eine-Zukunft-gibt-Khublei-hilfe-fuer-Nordost-Indien-von-Stegaurach-aus-gesamt.pdf\">Wie ein Verein den \u00c4rmsten eine Zukunft gibt<\/a><\/td><td>Heinrichsblatt<\/td><td class=\"has-text-align-right\" data-align=\"right\">04.06.23<\/td><td class=\"has-text-align-right\" data-align=\"right\">2,8 MB<\/td><\/tr><tr><td><a href=\"https:\/\/khublei-indienhilfe.de\/wp-content\/uploads\/omt-05.04.23-006-beschnitten.pdf\">1000 Euro f\u00fcr bed\u00fcrftige Menschen in Indien<\/a><\/td><td>Obermain-Tagblatt<\/td><td class=\"has-text-align-right\" data-align=\"right\">06.04.23<\/td><td class=\"has-text-align-right\" data-align=\"right\">5 MB<\/td><\/tr><tr><td><a href=\"https:\/\/khublei-indienhilfe.de\/wp-content\/uploads\/presse_ft_22-06-22_selbsthilfegruppe.pdf\" data-type=\"attachment\" data-id=\"1344\" target=\"_blank\" rel=\"noreferrer noopener\">Khublei hilft Menschen in Indien \u2013 Selbsthilfegruppe<\/a><\/td><td>Fr\u00e4nkischer Tag<\/td><td class=\"has-text-align-right\" data-align=\"right\">22.06.22<\/td><td class=\"has-text-align-right\" data-align=\"right\">283 kB<\/td><\/tr><tr><td><a href=\"https:\/\/khublei-indienhilfe.de\/wp-content\/uploads\/presse_hb_22-04-10-khahnar.pdf\" data-type=\"attachment\" data-id=\"1337\" target=\"_blank\" rel=\"noreferrer noopener\">Ein Gru\u00df, der die Herzen der Menschen \u00f6ffnet_Khahnar<\/a><\/td><td>Heinrichsblatt<\/td><td class=\"has-text-align-right\" data-align=\"right\">10.04.22<\/td><td class=\"has-text-align-right\" data-align=\"right\">1,6 MB<\/td><\/tr><tr><td><a href=\"https:\/\/khublei-indienhilfe.de\/wp-content\/uploads\/Obermain-LIF-21-11-22-Seite4-Hilfe-zur-Selbsthilfe-Spende-fuer-Projekt-in-Nordost-Indien-beschnitten.pdf\">Hilfe zur Selbsthilfe<\/a><br><\/td><td>Obermain-Tagblatt<\/td><td class=\"has-text-align-right\" data-align=\"right\">22.11.21<\/td><td class=\"has-text-align-right\" data-align=\"right\">223 kB<\/td><\/tr><tr><td><a href=\"https:\/\/khublei-indienhilfe.de\/wp-content\/uploads\/StadtLand-21-11-20-Seite-24-Khublei-Hilfe-in-der-Not-beschnitten.pdf\">Hilfe in der Not<\/a><\/td><td>Stadt &amp; Land<\/td><td class=\"has-text-align-right\" data-align=\"right\">20.11.21<\/td><td class=\"has-text-align-right\" data-align=\"right\">145 kB<\/td><\/tr><tr><td><a href=\"https:\/\/khublei-indienhilfe.de\/wp-content\/uploads\/hb-21-10-10-Seite1819-Nordost-Indien-zu-Gast-in-Stegaurach-Internationale-Woche-im-Landkreis-Bamberg-Gewuerzqiz-mit-Vortrag-final.pdf\">Nordost-Indien zu Gast in Stegaurach<\/a><\/td><td>Heinrichsblatt<\/td><td class=\"has-text-align-right\" data-align=\"right\">10.10.21<\/td><td class=\"has-text-align-right\" data-align=\"right\">8,3 MB<\/td><\/tr><tr><td><a href=\"https:\/\/khublei-indienhilfe.de\/wp-content\/uploads\/Mitteilungsblatt-21-11-Seite21-Indisch-Kochen-mit-Magie.pdf\">Indisch kochen mit Magie<\/a><\/td><td>Mitteilungsblatt Stegaurach<\/td><td class=\"has-text-align-right\" data-align=\"right\">25.09.21<\/td><td class=\"has-text-align-right\" data-align=\"right\">1,8 MB<\/td><\/tr><tr><td><a href=\"https:\/\/khublei-indienhilfe.de\/wp-content\/uploads\/Mitteilungsblatt-21-11-Seite21-Die-Gewuerze-Indiens-kennengelernt.pdf\">Die Gew\u00fcrze Indiens kennenglernt<\/a><\/td><td>Mitteilungsblatt Stegaurach<\/td><td class=\"has-text-align-right\" data-align=\"right\">24.09.21<\/td><td class=\"has-text-align-right\" data-align=\"right\">1,8 MB<br><\/td><\/tr><tr><td><a href=\"https:\/\/khublei-indienhilfe.de\/wp-content\/uploads\/hb-21-06-20-Seite19-Kinder-stehen-im-Mittelpunkt-Neuer-Verein-Khublei-hilft-in-Nordost-Indien-Dr.-Gertrud-Pechmann.pdf\">Kinder stehen im Mittelpunkt<\/a><\/td><td>Heinrichsblatt<\/td><td class=\"has-text-align-right\" data-align=\"right\">20.06.21<\/td><td class=\"has-text-align-right\" data-align=\"right\">2,4 MB<\/td><\/tr><\/tbody><\/table><\/figure>\n\n\n\n<p><\/p>","protected":false},"excerpt":{"rendered":"<p>Artikel Quelle ver\u00f6ffentlicht Dateigr\u00f6\u00dfe Bericht aus Nordost-Indien &#8211; Vortrag am 19.11.23 Fr\u00e4nkischer Tag 17.11.23 560 kB Niti Aayog nennt Meghalaya den \u00e4rmsten Staat nach Bihar indische Presse 20.07.23 76 kB Damit das Kinderlachen zur\u00fcckkehrt Fr\u00e4nkischer Tag 12.07.23 517 kB Wie ein Verein den \u00c4rmsten eine Zukunft gibt Heinrichsblatt 04.06.23 2,8 MB 1000 Euro f\u00fcr bed\u00fcrftige [&hellip;]<\/p>\n","protected":false},"author":2,"featured_media":0,"parent":120,"menu_order":3,"comment_status":"closed","ping_status":"closed","template":"","meta":{"ngg_post_thumbnail":0,"footnotes":""},"class_list":["post-344","page","type-page","status-publish","hentry"],"_links":{"self":[{"href":"https:\/\/khublei-indienhilfe-test.de\/en\/wp-json\/wp\/v2\/pages\/344","targetHints":{"allow":["GET"]}}],"collection":[{"href":"https:\/\/khublei-indienhilfe-test.de\/en\/wp-json\/wp\/v2\/pages"}],"about":[{"href":"https:\/\/khublei-indienhilfe-test.de\/en\/wp-json\/wp\/v2\/types\/page"}],"author":[{"embeddable":true,"href":"https:\/\/khublei-indienhilfe-test.de\/en\/wp-json\/wp\/v2\/users\/2"}],"replies":[{"embeddable":true,"href":"https:\/\/khublei-indienhilfe-test.de\/en\/wp-json\/wp\/v2\/comments?post=344"}],"version-history":[{"count":34,"href":"https:\/\/khublei-indienhilfe-test.de\/en\/wp-json\/wp\/v2\/pages\/344\/revisions"}],"predecessor-version":[{"id":1953,"href":"https:\/\/khublei-indienhilfe-test.de\/en\/wp-json\/wp\/v2\/pages\/344\/revisions\/1953"}],"up":[{"embeddable":true,"href":"https:\/\/khublei-indienhilfe-test.de\/en\/wp-json\/wp\/v2\/pages\/120"}],"wp:attachment":[{"href":"https:\/\/khublei-indienhilfe-test.de\/en\/wp-json\/wp\/v2\/media?parent=344"}],"curies":[{"name":"wp","href":"https:\/\/api.w.org\/{rel}","templated":true}]}}