{"id":1959,"date":"2023-12-30T14:37:46","date_gmt":"2023-12-30T13:37:46","guid":{"rendered":"https:\/\/khublei-indienhilfe-test.de\/?page_id=1959"},"modified":"2023-12-30T16:39:21","modified_gmt":"2023-12-30T15:39:21","slug":"verein","status":"publish","type":"page","link":"https:\/\/khublei-indienhilfe-test.de\/es\/aktuelles\/verein\/","title":{"rendered":"Rund um den Verein"},"content":{"rendered":"<ul class=\"wp-block-latest-posts__list is-grid columns-2 has-dates has-author wp-block-latest-posts\"><li><a class=\"wp-block-latest-posts__post-title\" href=\"https:\/\/khublei-indienhilfe-test.de\/es\/2023\/08\/reges-treiben-im-forsthaus-in-stegaurach\/\">Reges Treiben im Forsthaus in Stegaurach<\/a><div class=\"wp-block-latest-posts__post-author\">por Ulrike Albert<\/div><time datetime=\"2023-08-26T18:20:37+02:00\" class=\"wp-block-latest-posts__post-date\">26. agosto 2023<\/time><div class=\"wp-block-latest-posts__post-excerpt\">Ja, was ist denn da los? Am 7. August 2023 hei\u00dft es im alten Forsthaus: \u201eIndien erleben mit allen Sinnen!\u201c Khublei l\u00e4dt zum ersten Mal zum Ferienprogramm in Stegaurach ein. Dieser Einladung folgen&#8230; <a class=\"wp-block-latest-posts__read-more\" href=\"https:\/\/khublei-indienhilfe-test.de\/es\/2023\/08\/reges-treiben-im-forsthaus-in-stegaurach\/\" rel=\"noopener noreferrer\">Lee m\u00e1s<span class=\"screen-reader-text\">: Reges Treiben im Forsthaus in Stegaurach<\/span><\/a><\/div><\/li>\n<li><a class=\"wp-block-latest-posts__post-title\" href=\"https:\/\/khublei-indienhilfe-test.de\/es\/2020\/12\/darf-ich-mich-vorstellen-ich-bin-kuno-der-neue-khublei-newsletter\/\">Darf ich mich vorstellen? Ich bin Kuno, der neue Khublei-Newsletter!<\/a><div class=\"wp-block-latest-posts__post-author\">por Gerhard Albert<\/div><time datetime=\"2020-12-06T00:00:41+01:00\" class=\"wp-block-latest-posts__post-date\">6. diciembre 2020<\/time><div class=\"wp-block-latest-posts__post-excerpt\">Es ist&nbsp;soweit. Kurz vor Jahresende wurde ich aus der Taufe gehoben. Meine Aufgabe wird es sein, ab jetzt regelm\u00e4\u00dfig alle Freundinnen und Freunde von Khublei \u00fcber durchgef\u00fchrte Ma\u00dfnahmen, erzielte Erfolge, laufende Projekte und&#8230; <a class=\"wp-block-latest-posts__read-more\" href=\"https:\/\/khublei-indienhilfe-test.de\/es\/2020\/12\/darf-ich-mich-vorstellen-ich-bin-kuno-der-neue-khublei-newsletter\/\" rel=\"noopener noreferrer\">Lee m\u00e1s<span class=\"screen-reader-text\">: Darf ich mich vorstellen? Ich bin Kuno, der neue Khublei-Newsletter!<\/span><\/a><\/div><\/li>\n<li><a class=\"wp-block-latest-posts__post-title\" href=\"https:\/\/khublei-indienhilfe-test.de\/es\/2020\/09\/frisch-aus-der-druckerei-unsere-flyer-sind-da\/\">Frisch aus der Druckerei: unsere Flyer sind da!<\/a><div class=\"wp-block-latest-posts__post-author\">por Ulrike Albert<\/div><time datetime=\"2020-09-14T00:00:45+02:00\" class=\"wp-block-latest-posts__post-date\">14. septiembre 2020<\/time><div class=\"wp-block-latest-posts__post-excerpt\">Wir freuen uns, dass wir nun das Druckergebnis in den H\u00e4nden halten. Viele Ideen sind eingebracht und mit viel Engagement und Professionalit\u00e4t umgesetzt worden. Vielen Dank ganz besonders nach Weimar.<\/div><\/li>\n<li><a class=\"wp-block-latest-posts__post-title\" href=\"https:\/\/khublei-indienhilfe-test.de\/es\/2020\/06\/unser-erstes-patenkind-ist-vermittelt\/\">Unser erstes Patenkind ist vermittelt!<\/a><div class=\"wp-block-latest-posts__post-author\">por Gerhard Albert<\/div><time datetime=\"2020-06-08T00:00:09+02:00\" class=\"wp-block-latest-posts__post-date\">8. junio 2020<\/time><div class=\"wp-block-latest-posts__post-excerpt\">Wandame, 12 Jahre, ein Waisenjunge aus Nangbah, hat es besonders schwer. Nach dem Tod der Mutter verloren coronabedingt seine beiden Schwestern auch noch ihre Arbeit. Seine Pateneltern in Bamberg schenken ihm Hoffnung!<\/div><\/li>\n<li><a class=\"wp-block-latest-posts__post-title\" href=\"https:\/\/khublei-indienhilfe-test.de\/es\/2020\/05\/unsere-satzung-steht-zum-download-bereit\/\">Unsere Satzung steht zum Download bereit!<\/a><div class=\"wp-block-latest-posts__post-author\">por Gerhard Albert<\/div><time datetime=\"2020-05-25T00:00:51+02:00\" class=\"wp-block-latest-posts__post-date\">25. mayo 2020<\/time><div class=\"wp-block-latest-posts__post-excerpt\">Die gesetzliche Basis f\u00fcr unsere Aktivit\u00e4ten, unser Grundverst\u00e4ndnis und unsere Ziele sind in der Satzung nachlesbar.<\/div><\/li>\n<\/ul>","protected":false},"excerpt":{"rendered":"","protected":false},"author":2,"featured_media":0,"parent":16,"menu_order":2,"comment_status":"closed","ping_status":"closed","template":"","meta":{"ngg_post_thumbnail":0,"footnotes":""},"class_list":["post-1959","page","type-page","status-publish","hentry"],"_links":{"self":[{"href":"https:\/\/khublei-indienhilfe-test.de\/es\/wp-json\/wp\/v2\/pages\/1959","targetHints":{"allow":["GET"]}}],"collection":[{"href":"https:\/\/khublei-indienhilfe-test.de\/es\/wp-json\/wp\/v2\/pages"}],"about":[{"href":"https:\/\/khublei-indienhilfe-test.de\/es\/wp-json\/wp\/v2\/types\/page"}],"author":[{"embeddable":true,"href":"https:\/\/khublei-indienhilfe-test.de\/es\/wp-json\/wp\/v2\/users\/2"}],"replies":[{"embeddable":true,"href":"https:\/\/khublei-indienhilfe-test.de\/es\/wp-json\/wp\/v2\/comments?post=1959"}],"version-history":[{"count":12,"href":"https:\/\/khublei-indienhilfe-test.de\/es\/wp-json\/wp\/v2\/pages\/1959\/revisions"}],"predecessor-version":[{"id":1995,"href":"https:\/\/khublei-indienhilfe-test.de\/es\/wp-json\/wp\/v2\/pages\/1959\/revisions\/1995"}],"up":[{"embeddable":true,"href":"https:\/\/khublei-indienhilfe-test.de\/es\/wp-json\/wp\/v2\/pages\/16"}],"wp:attachment":[{"href":"https:\/\/khublei-indienhilfe-test.de\/es\/wp-json\/wp\/v2\/media?parent=1959"}],"curies":[{"name":"wp","href":"https:\/\/api.w.org\/{rel}","templated":true}]}}